{"id":40,"date":"2025-03-17T16:24:20","date_gmt":"2025-03-17T20:24:20","guid":{"rendered":"https:\/\/www.sepradin.mindefensa.gob.ve\/?page_id=40"},"modified":"2025-12-22T09:43:05","modified_gmt":"2025-12-22T13:43:05","slug":"mision-y-vision","status":"publish","type":"page","link":"https:\/\/www.sepradin.mindefensa.gob.ve\/?page_id=40","title":{"rendered":"MISI\u00d3N Y VISI\u00d3N"},"content":{"rendered":"\n<div class=\"wp-block-group alignfull is-style-section-1 is-layout-constrained wp-block-group-is-layout-constrained has-background\" style=\"margin-top:0;margin-bottom:0;padding-top:var(--wp--preset--spacing--60);padding-bottom:var(--wp--preset--spacing--60);background-image:url(&apos;https:\/\/www.sepradin.mindefensa.gob.ve\/wp-content\/uploads\/2025\/03\/Sin-titulo.png&apos;);background-size:cover;\">\n<div class=\"wp-block-columns alignwide is-layout-flex wp-container-core-columns-is-layout-643ced6b wp-block-columns-is-layout-flex\">\n<div class=\"wp-block-column is-layout-flow wp-block-column-is-layout-flow\" style=\"flex-basis:40%\">\n<figure class=\"wp-block-image size-full is-resized has-custom-border is-style-default\" style=\"margin-top:var(--wp--preset--spacing--30);margin-bottom:var(--wp--preset--spacing--30)\"><img fetchpriority=\"high\" decoding=\"async\" width=\"1024\" height=\"524\" src=\"https:\/\/www.sepradin.mindefensa.gob.ve\/wp-content\/uploads\/2025\/10\/fachada.jpg\" alt=\"\" class=\"wp-image-865\" style=\"border-style:none;border-width:0px;border-radius:0px;width:1000px\"\/><\/figure>\n<\/div>\n\n\n\n<div class=\"wp-block-column is-vertically-aligned-center is-layout-flow wp-container-core-column-is-layout-119bc444 wp-block-column-is-layout-flow\" style=\"flex-basis:60%\">\n<h1 class=\"wp-block-heading has-text-align-center has-ast-global-color-4-color has-text-color has-link-color has-xx-large-font-size wp-elements-3546105a1ea12a3aac1920a01f8f3620\"><strong>Misi\u00f3n<\/strong><\/h1>\n\n\n\n<p class=\"has-text-align-center is-style-text-subtitle has-ast-global-color-4-color has-text-color has-link-color wp-elements-04b06c75e2ef1497a4a2aacc71e058e4\" style=\"font-size:1.5rem\">\u201cLa Secretar\u00eda Permanente de Registro y Alistamiento para la Defensa Integral de la Naci\u00f3n tiene como misi\u00f3n <strong>Planificar, Ejecutar y Controlar los procesos de registro, alistamiento y seguimiento del personal de tropa alistada, durante la prestaci\u00f3n del servicio militar\u201d<\/strong><\/p>\n<\/div>\n<\/div>\n<\/div>\n\n\n\n<main class=\"wp-block-group alignfull is-style-section-2 is-layout-constrained wp-block-group-is-layout-constrained has-background\" style=\"margin-top:0;margin-bottom:0;padding-top:var(--wp--preset--spacing--50);padding-bottom:var(--wp--preset--spacing--50);background-image:url(&apos;https:\/\/www.sepradin.mindefensa.gob.ve\/wp-content\/uploads\/2025\/03\/Sin-titulo.png&apos;);background-size:cover;\">\n<div class=\"wp-block-columns alignwide is-layout-flex wp-container-core-columns-is-layout-7ee84d44 wp-block-columns-is-layout-flex\">\n<div class=\"wp-block-column is-vertically-aligned-center is-layout-flow wp-block-column-is-layout-flow\" style=\"flex-basis:50%\">\n<h1 class=\"wp-block-heading has-text-align-center has-ast-global-color-4-color has-text-color has-link-color wp-elements-1cc38bf0a80a98acb7416ce4234fd72c\"><strong>Visi\u00f3n<\/strong><\/h1>\n\n\n\n<p class=\"has-text-align-center is-style-text-subtitle has-white-color has-text-color has-link-color wp-elements-dc65a2d3b8d23f2c5976ba1459bb2165\" style=\"font-size:1.5rem\">\u201c Ser una dependencia con elevada m\u00edstica, moral, \u00e9tica inquebrantable adecuada a los avances tecnol\u00f3gicos y una eficiente capacidad de respuesta para llevar a feliz t\u00e9rmino la misi\u00f3n y tareas encomendadas, adecuadas a las realidades del acontecer nacional, con&nbsp; pro-actividad y compromiso de contribuir efectivamente al mantenimiento de un elevado apresto operacional en materia del personal de tropa y registro permanente\u201d<\/p>\n<\/div>\n\n\n\n<div class=\"wp-block-column is-vertically-aligned-center is-layout-flow wp-block-column-is-layout-flow\" style=\"flex-basis:50%\">\n<div class=\"wp-block-cover\"><img decoding=\"async\" width=\"1024\" height=\"764\" class=\"wp-block-cover__image-background wp-image-221 size-large\" alt=\"\" src=\"https:\/\/www.sepradin.mindefensa.gob.ve\/wp-content\/uploads\/2025\/04\/WhatsApp-Image-2025-04-21-at-12.29.30-PM-1024x764.jpeg\" data-object-fit=\"cover\" srcset=\"https:\/\/www.sepradin.mindefensa.gob.ve\/wp-content\/uploads\/2025\/04\/WhatsApp-Image-2025-04-21-at-12.29.30-PM-1024x764.jpeg 1024w, https:\/\/www.sepradin.mindefensa.gob.ve\/wp-content\/uploads\/2025\/04\/WhatsApp-Image-2025-04-21-at-12.29.30-PM-300x224.jpeg 300w, https:\/\/www.sepradin.mindefensa.gob.ve\/wp-content\/uploads\/2025\/04\/WhatsApp-Image-2025-04-21-at-12.29.30-PM-768x573.jpeg 768w, https:\/\/www.sepradin.mindefensa.gob.ve\/wp-content\/uploads\/2025\/04\/WhatsApp-Image-2025-04-21-at-12.29.30-PM-1536x1146.jpeg 1536w, https:\/\/www.sepradin.mindefensa.gob.ve\/wp-content\/uploads\/2025\/04\/WhatsApp-Image-2025-04-21-at-12.29.30-PM.jpeg 1600w\" sizes=\"(max-width: 1024px) 100vw, 1024px\" \/><span aria-hidden=\"true\" class=\"wp-block-cover__background has-background-dim\" style=\"background-color:#5e4d4e\"><\/span><div class=\"wp-block-cover__inner-container is-layout-flow wp-block-cover-is-layout-flow\">\n<p class=\"has-text-align-center has-large-font-size\"><\/p>\n<\/div><\/div>\n<\/div>\n<\/div>\n<\/main>\n\n\n\n<div class=\"wp-block-group alignfull is-style-section-5 is-layout-constrained wp-block-group-is-layout-constrained\" style=\"padding-top:var(--wp--preset--spacing--60);padding-bottom:var(--wp--preset--spacing--60)\">\n<div class=\"wp-block-group is-vertical is-content-justification-stretch is-layout-flex wp-container-core-group-is-layout-ef933e46 wp-block-group-is-layout-flex\"><\/div>\n\n\n\n<div style=\"height:var(--wp--preset--spacing--30)\" aria-hidden=\"true\" class=\"wp-block-spacer\"><\/div>\n\n\n\n<p class=\"has-text-align-center has-small-font-size\"><\/p>\n<\/div>\n","protected":false},"excerpt":{"rendered":"<p>Misi\u00f3n \u201cLa Secretar\u00eda Permanente de Registro y Alistamiento para la Defensa Integral de la Naci\u00f3n tiene como misi\u00f3n Planificar, Ejecutar [&hellip;]<\/p>\n","protected":false},"author":1,"featured_media":0,"parent":0,"menu_order":0,"comment_status":"closed","ping_status":"closed","template":"custom-template","meta":{"site-sidebar-layout":"default","site-content-layout":"","ast-site-content-layout":"default","site-content-style":"default","site-sidebar-style":"default","ast-global-header-display":"","ast-banner-title-visibility":"","ast-main-header-display":"","ast-hfb-above-header-display":"","ast-hfb-below-header-display":"","ast-hfb-mobile-header-display":"","site-post-title":"disabled","ast-breadcrumbs-content":"","ast-featured-img":"","footer-sml-layout":"","ast-disable-related-posts":"","theme-transparent-header-meta":"","adv-header-id-meta":"","stick-header-meta":"","header-above-stick-meta":"","header-main-stick-meta":"","header-below-stick-meta":"","astra-migrate-meta-layouts":"default","ast-page-background-enabled":"default","ast-page-background-meta":{"desktop":{"background-color":"var(--ast-global-color-5)","background-image":"","background-repeat":"repeat","background-position":"center center","background-size":"auto","background-attachment":"scroll","background-type":"","background-media":"","overlay-type":"","overlay-color":"","overlay-opacity":"","overlay-gradient":""},"tablet":{"background-color":"","background-image":"","background-repeat":"repeat","background-position":"center center","background-size":"auto","background-attachment":"scroll","background-type":"","background-media":"","overlay-type":"","overlay-color":"","overlay-opacity":"","overlay-gradient":""},"mobile":{"background-color":"","background-image":"","background-repeat":"repeat","background-position":"center center","background-size":"auto","background-attachment":"scroll","background-type":"","background-media":"","overlay-type":"","overlay-color":"","overlay-opacity":"","overlay-gradient":""}},"ast-content-background-meta":{"desktop":{"background-color":"var(--ast-global-color-4)","background-image":"","background-repeat":"repeat","background-position":"center center","background-size":"auto","background-attachment":"scroll","background-type":"","background-media":"","overlay-type":"","overlay-color":"","overlay-opacity":"","overlay-gradient":""},"tablet":{"background-color":"var(--ast-global-color-4)","background-image":"","background-repeat":"repeat","background-position":"center center","background-size":"auto","background-attachment":"scroll","background-type":"","background-media":"","overlay-type":"","overlay-color":"","overlay-opacity":"","overlay-gradient":""},"mobile":{"background-color":"var(--ast-global-color-4)","background-image":"","background-repeat":"repeat","background-position":"center center","background-size":"auto","background-attachment":"scroll","background-type":"","background-media":"","overlay-type":"","overlay-color":"","overlay-opacity":"","overlay-gradient":""}},"footnotes":""},"class_list":["post-40","page","type-page","status-publish","hentry"],"rttpg_featured_image_url":null,"rttpg_author":{"display_name":"usuario","author_link":"https:\/\/www.sepradin.mindefensa.gob.ve\/?author=1"},"rttpg_comment":0,"rttpg_category":null,"rttpg_excerpt":"Misi\u00f3n \u201cLa Secretar\u00eda Permanente de Registro y Alistamiento para la Defensa Integral de la Naci\u00f3n tiene como misi\u00f3n Planificar, Ejecutar [&hellip;]","_links":{"self":[{"href":"https:\/\/www.sepradin.mindefensa.gob.ve\/index.php?rest_route=\/wp\/v2\/pages\/40","targetHints":{"allow":["GET"]}}],"collection":[{"href":"https:\/\/www.sepradin.mindefensa.gob.ve\/index.php?rest_route=\/wp\/v2\/pages"}],"about":[{"href":"https:\/\/www.sepradin.mindefensa.gob.ve\/index.php?rest_route=\/wp\/v2\/types\/page"}],"author":[{"embeddable":true,"href":"https:\/\/www.sepradin.mindefensa.gob.ve\/index.php?rest_route=\/wp\/v2\/users\/1"}],"replies":[{"embeddable":true,"href":"https:\/\/www.sepradin.mindefensa.gob.ve\/index.php?rest_route=%2Fwp%2Fv2%2Fcomments&post=40"}],"version-history":[{"count":24,"href":"https:\/\/www.sepradin.mindefensa.gob.ve\/index.php?rest_route=\/wp\/v2\/pages\/40\/revisions"}],"predecessor-version":[{"id":1359,"href":"https:\/\/www.sepradin.mindefensa.gob.ve\/index.php?rest_route=\/wp\/v2\/pages\/40\/revisions\/1359"}],"wp:attachment":[{"href":"https:\/\/www.sepradin.mindefensa.gob.ve\/index.php?rest_route=%2Fwp%2Fv2%2Fmedia&parent=40"}],"curies":[{"name":"wp","href":"https:\/\/api.w.org\/{rel}","templated":true}]}}